{"id":914,"date":"2024-02-27T15:40:37","date_gmt":"2024-02-27T14:40:37","guid":{"rendered":"https:\/\/lemomentreflexo.com\/?page_id=914"},"modified":"2024-03-12T11:25:39","modified_gmt":"2024-03-12T10:25:39","slug":"massage-californien","status":"publish","type":"page","link":"https:\/\/lemomentreflexo.com\/index.php\/massage-californien\/","title":{"rendered":"Massage californien"},"content":{"rendered":"\t\t<div data-elementor-type=\"wp-page\" data-elementor-id=\"914\" class=\"elementor elementor-914\" data-elementor-settings=\"[]\">\n\t\t\t\t\t\t\t<div class=\"elementor-section-wrap\">\n\t\t\t\t\t\t\t<section class=\"elementor-section elementor-top-section elementor-element elementor-element-72e94fb elementor-section-boxed elementor-section-height-default elementor-section-height-default\" data-id=\"72e94fb\" data-element_type=\"section\">\n\t\t\t\t\t\t<div class=\"elementor-container elementor-column-gap-default\">\n\t\t\t\t\t<div class=\"elementor-column elementor-col-50 elementor-top-column elementor-element elementor-element-eb119c7\" data-id=\"eb119c7\" data-element_type=\"column\">\n\t\t\t<div class=\"elementor-widget-wrap elementor-element-populated\">\n\t\t\t\t\t\t\t\t<div class=\"elementor-element elementor-element-b7c3077 elementor-widget elementor-widget-image\" data-id=\"b7c3077\" data-element_type=\"widget\" data-widget_type=\"image.default\">\n\t\t\t\t<div class=\"elementor-widget-container\">\n\t\t\t\t\t\t\t\t\t\t\t\t\t\t\t<img loading=\"lazy\" decoding=\"async\" width=\"612\" height=\"408\" src=\"https:\/\/lemomentreflexo.com\/wp-content\/uploads\/2024\/02\/istockphoto-530593044-612x612-1.jpg\" class=\"attachment-large size-large\" alt=\"\" \/>\t\t\t\t\t\t\t\t\t\t\t\t\t\t\t<\/div>\n\t\t\t\t<\/div>\n\t\t\t\t\t<\/div>\n\t\t<\/div>\n\t\t\t\t<div class=\"elementor-column elementor-col-50 elementor-top-column elementor-element elementor-element-945b421\" data-id=\"945b421\" data-element_type=\"column\">\n\t\t\t<div class=\"elementor-widget-wrap elementor-element-populated\">\n\t\t\t\t\t\t\t\t<div class=\"elementor-element elementor-element-4f2f663 elementor-widget elementor-widget-image\" data-id=\"4f2f663\" data-element_type=\"widget\" data-widget_type=\"image.default\">\n\t\t\t\t<div class=\"elementor-widget-container\">\n\t\t\t\t\t\t\t\t\t\t\t\t\t\t\t<img loading=\"lazy\" decoding=\"async\" width=\"612\" height=\"408\" src=\"https:\/\/lemomentreflexo.com\/wp-content\/uploads\/2024\/02\/istockphoto-1162187810-612x612-1.jpg\" class=\"attachment-large size-large\" alt=\"\" \/>\t\t\t\t\t\t\t\t\t\t\t\t\t\t\t<\/div>\n\t\t\t\t<\/div>\n\t\t\t\t\t<\/div>\n\t\t<\/div>\n\t\t\t\t\t\t\t<\/div>\n\t\t<\/section>\n\t\t\t\t<section class=\"elementor-section elementor-top-section elementor-element elementor-element-f957954 elementor-section-boxed elementor-section-height-default elementor-section-height-default\" data-id=\"f957954\" data-element_type=\"section\">\n\t\t\t\t\t\t<div class=\"elementor-container elementor-column-gap-default\">\n\t\t\t\t\t<div class=\"elementor-column elementor-col-100 elementor-top-column elementor-element elementor-element-11b2487\" data-id=\"11b2487\" data-element_type=\"column\">\n\t\t\t<div class=\"elementor-widget-wrap elementor-element-populated\">\n\t\t\t\t\t\t\t\t<div class=\"elementor-element elementor-element-47177f5 elementor-widget elementor-widget-heading\" data-id=\"47177f5\" data-element_type=\"widget\" data-widget_type=\"heading.default\">\n\t\t\t\t<div class=\"elementor-widget-container\">\n\t\t\t<h4 class=\"elementor-heading-title elementor-size-xl\">Massage californien<\/h4>\t\t<\/div>\n\t\t\t\t<\/div>\n\t\t\t\t\t<\/div>\n\t\t<\/div>\n\t\t\t\t\t\t\t<\/div>\n\t\t<\/section>\n\t\t\t\t<section class=\"elementor-section elementor-top-section elementor-element elementor-element-b4994dd elementor-section-boxed elementor-section-height-default elementor-section-height-default\" data-id=\"b4994dd\" data-element_type=\"section\">\n\t\t\t\t\t\t<div class=\"elementor-container elementor-column-gap-default\">\n\t\t\t\t\t<div class=\"elementor-column elementor-col-100 elementor-top-column elementor-element elementor-element-d1b289f\" data-id=\"d1b289f\" data-element_type=\"column\">\n\t\t\t<div class=\"elementor-widget-wrap elementor-element-populated\">\n\t\t\t\t\t\t\t\t<div class=\"elementor-element elementor-element-839c47c elementor-widget elementor-widget-text-editor\" data-id=\"839c47c\" data-element_type=\"widget\" data-widget_type=\"text-editor.default\">\n\t\t\t\t<div class=\"elementor-widget-container\">\n\t\t\t\t\t\t\t<h2><span style=\"text-decoration: underline;\"><span style=\"color: var( --e-global-color-text ); text-decoration: underline;\">Quels<\/span><span style=\"color: var( --e-global-color-text ); text-decoration: underline;\"> sont les principes et les bienfaits du massage Californien ?<\/span><\/span><\/h2><p>Les bienfaits du massage californien sont nombreux. Mais d\u2019abord, ce massage consiste en une chor\u00e9graphie douce et rythm\u00e9e faite par les mains du praticien, pour envelopper le corps et le sculpter dans sa totalit\u00e9 au travers de mouvements de glissages, d\u2019effleurements, des pressions douces, et des \u00e9tirements, mais aussi des gestes plus stimulants et plus fermes, comme le p\u00e9trissage, tout en suivant les lignes des m\u00e9ridiens, en respectant les points r\u00e9flexes et la musculature du corps.\u00a0<\/p><p>C\u2019est un massage de relaxation intense, apaisant, au travers duquel, la personne mass\u00e9e red\u00e9couvre son corps, ou apprend \u00e0 le conna\u00eetre et vise un \u00e9tat de rel\u00e2chement total, d\u2019abandon de soi, jusqu\u2019\u00e0 l\u2019endormissement parfois.<\/p><p>Gr\u00e2ce aux mouvements harmonieux et fluides exerc\u00e9s tout au long de la s\u00e9ance, ce massage permet de rel\u00e2cher les \u00e9motions et les tensions corporelles et de lutter efficacement contre le stress.<\/p><p>Il est un support au bien-\u00eatre physique, nerveux, \u00e9motionnel, mental et spirituel et contribue en ce sens \u00e0 :<\/p><ul><li>Am\u00e9liorer l\u2019irrigation des tissus gr\u00e2ce aux man\u0153uvres de drainage de la circulation veineuse et lymphatique.<\/li><li>Apaiser la nervosit\u00e9 en stimulant de nombreuses terminaisons nerveuses.<\/li><li>Prendre conscience de son sch\u00e9ma corporel et augmenter son estime personnelle.<\/li><\/ul><p>Une s\u00e9ance de californien peut \u00eatre particuli\u00e8rement b\u00e9n\u00e9fique pour les personnes dispers\u00e9es, anxieuses, stress\u00e9es, ou ayant besoin de se recentrer, en leur offrant un retour \u00e0 eux-m\u00eames, un doux moment d\u2019abandon dans le silence int\u00e9rieur\u2026<\/p><hr \/><div align=\"center\">\u00a0<\/div><h2><span style=\"text-decoration: underline;\">Comment se passe un massage californien\u00a0?<\/span><\/h2><p>La personne mass\u00e9e est install\u00e9e sur une table de massage en sous-v\u00eatements.<\/p><p>La s\u00e9ance est\u00a0 accompagn\u00e9e par une musique douce et relaxante. Elle dure 30 min ou 1h pendant laquelle la personne mass\u00e9e peut totalement se laisser aller, au niveau physique mais aussi au niveau psychologique. La s\u00e9ance commence\u00a0 avec des huiles de massage , avec des mouvements l\u00e9gers, des effleurements, puis des gestes plus fermes, au niveau du buste, du ventre, du dos, de la vo\u00fbte plantaire, et des jambes.<\/p><h2><span style=\"text-decoration: underline;\">Quelles sont les contre-indications du massage Californien ?<\/span><\/h2><p>Les contres -indications pour le massage californien sont peu nombreuses :<\/p><p>Contre indications :<\/p><p><span style=\"color: var( --e-global-color-text );\">&#8211; fi\u00e8vre<\/span><\/p><p><span style=\"color: var( --e-global-color-text );\">&#8211; Troubles cardiaque<\/span><\/p><p><span style=\"color: var( --e-global-color-text );\">&#8211; Troubles circulatoires (thrombose , phl\u00e9bites)<\/span><\/p><p><span style=\"color: var( --e-global-color-text );\">&#8211; Ost\u00e9oporose<\/span><\/p><p><span style=\"color: var( --e-global-color-text );\">&#8211; Maladie grave (cancer )<\/span><\/p><p>&#8211; Grossesse<\/p><p>\u00a0<\/p>\t\t\t\t\t\t<\/div>\n\t\t\t\t<\/div>\n\t\t\t\t\t<\/div>\n\t\t<\/div>\n\t\t\t\t\t\t\t<\/div>\n\t\t<\/section>\n\t\t\t\t\t\t<\/div>\n\t\t\t\t\t<\/div>\n\t\t","protected":false},"excerpt":{"rendered":"<p>Massage californien Quels sont les principes et les bienfaits du massage Californien ? Les bienfaits du massage californien sont nombreux. &#8230; <\/p>\n<p class=\"more-link-container\"><a title=\"Massage californien\" class=\"more-link button\" href=\"https:\/\/lemomentreflexo.com\/index.php\/massage-californien\/#more-914\">Read More<span class=\"screen-reader-text\">Massage californien<\/span> <i class=\"fa fa-angle-double-right\"><\/i><\/a><\/p>\n","protected":false},"author":1,"featured_media":0,"parent":0,"menu_order":0,"comment_status":"closed","ping_status":"closed","template":"","meta":{"footnotes":""},"class_list":["post-914","page","type-page","status-publish","hentry"],"_links":{"self":[{"href":"https:\/\/lemomentreflexo.com\/index.php\/wp-json\/wp\/v2\/pages\/914","targetHints":{"allow":["GET"]}}],"collection":[{"href":"https:\/\/lemomentreflexo.com\/index.php\/wp-json\/wp\/v2\/pages"}],"about":[{"href":"https:\/\/lemomentreflexo.com\/index.php\/wp-json\/wp\/v2\/types\/page"}],"author":[{"embeddable":true,"href":"https:\/\/lemomentreflexo.com\/index.php\/wp-json\/wp\/v2\/users\/1"}],"replies":[{"embeddable":true,"href":"https:\/\/lemomentreflexo.com\/index.php\/wp-json\/wp\/v2\/comments?post=914"}],"version-history":[{"count":19,"href":"https:\/\/lemomentreflexo.com\/index.php\/wp-json\/wp\/v2\/pages\/914\/revisions"}],"predecessor-version":[{"id":941,"href":"https:\/\/lemomentreflexo.com\/index.php\/wp-json\/wp\/v2\/pages\/914\/revisions\/941"}],"wp:attachment":[{"href":"https:\/\/lemomentreflexo.com\/index.php\/wp-json\/wp\/v2\/media?parent=914"}],"curies":[{"name":"wp","href":"https:\/\/api.w.org\/{rel}","templated":true}]}}