{"id":771,"date":"2023-11-29T17:11:49","date_gmt":"2023-11-29T16:11:49","guid":{"rendered":"https:\/\/lemomentreflexo.com\/?page_id=771"},"modified":"2024-04-30T12:40:38","modified_gmt":"2024-04-30T10:40:38","slug":"massage-duo","status":"publish","type":"page","link":"https:\/\/lemomentreflexo.com\/index.php\/evenements-2\/massage-duo\/","title":{"rendered":"Massage duo"},"content":{"rendered":"\t\t<div data-elementor-type=\"wp-page\" data-elementor-id=\"771\" class=\"elementor elementor-771\" data-elementor-settings=\"[]\">\n\t\t\t\t\t\t\t<div class=\"elementor-section-wrap\">\n\t\t\t\t\t\t\t<section class=\"elementor-section elementor-top-section elementor-element elementor-element-fdeebb7 elementor-section-boxed elementor-section-height-default elementor-section-height-default\" data-id=\"fdeebb7\" data-element_type=\"section\">\n\t\t\t\t\t\t<div class=\"elementor-container elementor-column-gap-default\">\n\t\t\t\t\t<div class=\"elementor-column elementor-col-100 elementor-top-column elementor-element elementor-element-10653ac\" data-id=\"10653ac\" data-element_type=\"column\">\n\t\t\t<div class=\"elementor-widget-wrap elementor-element-populated\">\n\t\t\t\t\t\t\t\t<div class=\"elementor-element elementor-element-996be2e elementor-widget elementor-widget-heading\" data-id=\"996be2e\" data-element_type=\"widget\" data-widget_type=\"heading.default\">\n\t\t\t\t<div class=\"elementor-widget-container\">\n\t\t\t<h3 class=\"elementor-heading-title elementor-size-xl\">Massage + luminoth\u00e9rapie en duo <\/h3>\t\t<\/div>\n\t\t\t\t<\/div>\n\t\t\t\t\t<\/div>\n\t\t<\/div>\n\t\t\t\t\t\t\t<\/div>\n\t\t<\/section>\n\t\t\t\t<section class=\"elementor-section elementor-top-section elementor-element elementor-element-0797905 elementor-section-boxed elementor-section-height-default elementor-section-height-default\" data-id=\"0797905\" data-element_type=\"section\">\n\t\t\t\t\t\t<div class=\"elementor-container elementor-column-gap-default\">\n\t\t\t\t\t<div class=\"elementor-column elementor-col-50 elementor-top-column elementor-element elementor-element-072a227\" data-id=\"072a227\" data-element_type=\"column\">\n\t\t\t<div class=\"elementor-widget-wrap elementor-element-populated\">\n\t\t\t\t\t\t\t\t<div class=\"elementor-element elementor-element-2c6cc88 elementor-widget elementor-widget-image\" data-id=\"2c6cc88\" data-element_type=\"widget\" data-widget_type=\"image.default\">\n\t\t\t\t<div class=\"elementor-widget-container\">\n\t\t\t\t\t\t\t\t\t\t\t\t\t\t\t<img loading=\"lazy\" decoding=\"async\" width=\"275\" height=\"183\" src=\"https:\/\/lemomentreflexo.com\/wp-content\/uploads\/2024\/04\/images-2.jpeg\" class=\"attachment-large size-large\" alt=\"\" \/>\t\t\t\t\t\t\t\t\t\t\t\t\t\t\t<\/div>\n\t\t\t\t<\/div>\n\t\t\t\t\t<\/div>\n\t\t<\/div>\n\t\t\t\t<div class=\"elementor-column elementor-col-50 elementor-top-column elementor-element elementor-element-faae31f\" data-id=\"faae31f\" data-element_type=\"column\">\n\t\t\t<div class=\"elementor-widget-wrap elementor-element-populated\">\n\t\t\t\t\t\t\t\t<div class=\"elementor-element elementor-element-94e34ed elementor-widget elementor-widget-text-editor\" data-id=\"94e34ed\" data-element_type=\"widget\" data-widget_type=\"text-editor.default\">\n\t\t\t\t<div class=\"elementor-widget-container\">\n\t\t\t\t\t\t\t<div class=\"xdj266r x11i5rnm xat24cr x1mh8g0r x1vvkbs x126k92a\"><div dir=\"auto\">Plongez dans une exp\u00e9rience de d\u00e9tente ultime alliant les bienfaits des lunettes PSiO et d&rsquo;un massage relaxant ou d&rsquo;une s\u00e9ance r\u00e9flexologie d\u00e9tente .<\/div><\/div><div class=\"x11i5rnm xat24cr x1mh8g0r x1vvkbs xtlvy1s x126k92a\"><div dir=\"auto\">Cette nouveaut\u00e9 : PSiO et massage est con\u00e7u pour offrir une pause bien m\u00e9rit\u00e9e \u00e0 votre esprit et \u00e0 votre corps. Les lunettes PSiO vous transporteront dans un \u00e9tat de relaxation profonde avec leurs programmes de luminoth\u00e9rapie et de m\u00e9ditation guid\u00e9e, tandis que le massage ou r\u00e9flexologie d\u00e9tente d\u00e9nouera vos tensions musculaires et vous procurera un bien-\u00eatre total.<\/div><\/div><div class=\"x11i5rnm xat24cr x1mh8g0r x1vvkbs xtlvy1s x126k92a\"><div dir=\"auto\">Relaxation profonde : Les lunettes PSiO utilisent une combinaison de lumi\u00e8res et de sons apaisants pour induire un \u00e9tat de calme profond et de d\u00e9tente totale.<\/div><div dir=\"auto\">R\u00e9duction du stress et de l&rsquo;anxi\u00e9t\u00e9 : La luminoth\u00e9rapie et le massage sont des moyens efficaces pour lib\u00e9rer le stress accumul\u00e9 et favoriser une sensation de bien-\u00eatre imm\u00e9diat.<\/div><div dir=\"auto\">\u00c9quilibre \u00e9motionnel : En stimulant les points de r\u00e9flexologie associ\u00e9s aux \u00e9motions, notre soin duo PSiO et massage vous aide \u00e0 retrouver votre \u00e9quilibre \u00e9motionnel et mental.<\/div><div dir=\"auto\">Exp\u00e9rience personnalis\u00e9e : Je m&rsquo;adapte \u00e0 vos besoins individuels et vous offre un traitement sur mesure pour maximiser les bienfaits de votre s\u00e9ance.<\/div><div dir=\"auto\">Offrez vous une parenth\u00e8se de d\u00e9tente inoubliable avec notre soin duo PSiO et massage. Laissez vous emporter par une exp\u00e9rience sensorielle unique qui apaise l&rsquo;esprit, d\u00e9tend les muscles et recharge votre \u00e9nergie vitale.<\/div><div dir=\"auto\">Vous pourrez choisir soit un massage du dos , des jambes ou de la r\u00e9flexologie plantaire , palmaire , dorsale ou de la t\u00eate .<\/div><\/div>\t\t\t\t\t\t<\/div>\n\t\t\t\t<\/div>\n\t\t\t\t\t<\/div>\n\t\t<\/div>\n\t\t\t\t\t\t\t<\/div>\n\t\t<\/section>\n\t\t\t\t<section class=\"elementor-section elementor-top-section elementor-element elementor-element-bc7c0d0 elementor-section-boxed elementor-section-height-default elementor-section-height-default\" data-id=\"bc7c0d0\" data-element_type=\"section\">\n\t\t\t\t\t\t<div class=\"elementor-container elementor-column-gap-default\">\n\t\t\t\t\t<div class=\"elementor-column elementor-col-100 elementor-top-column elementor-element elementor-element-c330bc5\" data-id=\"c330bc5\" data-element_type=\"column\">\n\t\t\t<div class=\"elementor-widget-wrap elementor-element-populated\">\n\t\t\t\t\t\t\t\t<div class=\"elementor-element elementor-element-092948e elementor-widget-divider--view-line_icon elementor-view-default elementor-widget-divider--element-align-center elementor-widget elementor-widget-divider\" data-id=\"092948e\" data-element_type=\"widget\" data-widget_type=\"divider.default\">\n\t\t\t\t<div class=\"elementor-widget-container\">\n\t\t\t\t\t<div class=\"elementor-divider\">\n\t\t\t<span class=\"elementor-divider-separator\">\n\t\t\t\t\t\t\t<div class=\"elementor-icon elementor-divider__element\">\n\t\t\t\t\t<i aria-hidden=\"true\" class=\"fas fa-star\"><\/i><\/div>\n\t\t\t\t\t\t<\/span>\n\t\t<\/div>\n\t\t\t\t<\/div>\n\t\t\t\t<\/div>\n\t\t\t\t\t<\/div>\n\t\t<\/div>\n\t\t\t\t\t\t\t<\/div>\n\t\t<\/section>\n\t\t\t\t<section class=\"elementor-section elementor-top-section elementor-element elementor-element-02fac98 elementor-section-boxed elementor-section-height-default elementor-section-height-default\" data-id=\"02fac98\" data-element_type=\"section\">\n\t\t\t\t\t\t<div class=\"elementor-container elementor-column-gap-default\">\n\t\t\t\t\t<div class=\"elementor-column elementor-col-100 elementor-top-column elementor-element elementor-element-83977fc\" data-id=\"83977fc\" data-element_type=\"column\">\n\t\t\t<div class=\"elementor-widget-wrap elementor-element-populated\">\n\t\t\t\t\t\t\t\t<div class=\"elementor-element elementor-element-5adb17f elementor-widget elementor-widget-text-editor\" data-id=\"5adb17f\" data-element_type=\"widget\" data-widget_type=\"text-editor.default\">\n\t\t\t\t<div class=\"elementor-widget-container\">\n\t\t\t\t\t\t\t<div>Je propose aussi des massages en duo en association avec\u00a0<\/div><div><p><span class=\"x193iq5w xeuugli x13faqbe x1vvkbs x1xmvt09 x1lliihq x1s928wv xhkezso x1gmr53x x1cpjm7i x1fgarty x1943h6x xudqn12 x3x7a5m x6prxxf xvq8zen xo1l8bm xzsf02u\" dir=\"auto\">\u00a0ANAHATA REYRIEUX<\/span><\/p><p>Plus d&rsquo;info en suivant ce lien :\u00a0<a class=\"x1i10hfl xjbqb8w x6umtig x1b1mbwd xaqea5y xav7gou x9f619 x1ypdohk xt0psk2 xe8uvvx xdj266r x11i5rnm xat24cr x1mh8g0r xexx8yu x4uap5 x18d9i69 xkhd6sd x16tdsg8 x1hl2dhg xggy1nq x1a2a7pz xt0b8zv x1fey0fg\" tabindex=\"0\" role=\"link\" href=\"https:\/\/anahata-reyrieux.fr\/sauna-2\/?fbclid=IwAR1mlr52QD2GbZsWbthegMNqEr0LeqaQWVYeE-K4vtDgqpXN-Z6ssx8srgA\" target=\"_blank\" rel=\"nofollow noopener noreferrer\">https:\/\/anahata-reyrieux.fr\/sauna-2\/<\/a><\/p><\/div><div class=\"x1g2khh7\"><span class=\"x193iq5w xeuugli x13faqbe x1vvkbs x1xmvt09 x1lliihq x1s928wv xhkezso x1gmr53x x1cpjm7i x1fgarty x1943h6x xudqn12 x3x7a5m x6prxxf xvq8zen xo1l8bm xzsf02u\" dir=\"auto\">\u2014\u00a0\u00e0\u00a0<strong><a class=\"x1i10hfl xjbqb8w x6umtig x1b1mbwd xaqea5y xav7gou x9f619 x1ypdohk xt0psk2 xe8uvvx xdj266r x11i5rnm xat24cr x1mh8g0r xexx8yu x4uap5 x18d9i69 xkhd6sd x16tdsg8 x1hl2dhg xggy1nq x1a2a7pz xt0b8zv xzsf02u x1s688f\" tabindex=\"0\" role=\"link\" href=\"https:\/\/www.facebook.com\/profile.php?id=100057487897771&amp;__cft__[0]=AZViakmADzPFvFAXNtDAMhqIBD-W-Fqsrqk78fE9N_776ZkSjVhualaEhP8J1psgM2O60TGzyKNHY9PjPmP1ax7yImINtEDye4GY6el0JYJSGOfbXUey-AnPLAvwo2HfnnKWIQ7FAYPaxg1k-MtUE0s9RwALwt1rTIQJojRazmhiqNexnWUWiJPlzQ6GWXz2_rY&amp;__tn__=-]C*F\"><span class=\"xt0psk2\">Anahata<\/span><\/a><\/strong>.<\/span><\/div>\t\t\t\t\t\t<\/div>\n\t\t\t\t<\/div>\n\t\t\t\t\t<\/div>\n\t\t<\/div>\n\t\t\t\t\t\t\t<\/div>\n\t\t<\/section>\n\t\t\t\t<section class=\"elementor-section elementor-top-section elementor-element elementor-element-b8034b1 elementor-section-boxed elementor-section-height-default elementor-section-height-default\" data-id=\"b8034b1\" data-element_type=\"section\">\n\t\t\t\t\t\t<div class=\"elementor-container elementor-column-gap-default\">\n\t\t\t\t\t<div class=\"elementor-column elementor-col-100 elementor-top-column elementor-element elementor-element-f7bead0\" data-id=\"f7bead0\" data-element_type=\"column\">\n\t\t\t<div class=\"elementor-widget-wrap elementor-element-populated\">\n\t\t\t\t\t\t\t\t<div class=\"elementor-element elementor-element-de5ca72 elementor-widget elementor-widget-image\" data-id=\"de5ca72\" data-element_type=\"widget\" data-widget_type=\"image.default\">\n\t\t\t\t<div class=\"elementor-widget-container\">\n\t\t\t\t\t\t\t\t\t\t\t\t\t\t\t<img loading=\"lazy\" decoding=\"async\" width=\"473\" height=\"473\" src=\"https:\/\/lemomentreflexo.com\/wp-content\/uploads\/2023\/11\/406075200_834824358443820_3280234339820963168_n.jpg\" class=\"attachment-large size-large\" alt=\"\" \/>\t\t\t\t\t\t\t\t\t\t\t\t\t\t\t<\/div>\n\t\t\t\t<\/div>\n\t\t\t\t\t<\/div>\n\t\t<\/div>\n\t\t\t\t\t\t\t<\/div>\n\t\t<\/section>\n\t\t\t\t\t\t<\/div>\n\t\t\t\t\t<\/div>\n\t\t","protected":false},"excerpt":{"rendered":"<p>Massage + luminoth\u00e9rapie en duo Plongez dans une exp\u00e9rience de d\u00e9tente ultime alliant les bienfaits des lunettes PSiO et d&rsquo;un &#8230; <\/p>\n<p class=\"more-link-container\"><a title=\"Massage duo\" class=\"more-link button\" href=\"https:\/\/lemomentreflexo.com\/index.php\/evenements-2\/massage-duo\/#more-771\">Read More<span class=\"screen-reader-text\">Massage duo<\/span> <i class=\"fa fa-angle-double-right\"><\/i><\/a><\/p>\n","protected":false},"author":1,"featured_media":0,"parent":39,"menu_order":0,"comment_status":"closed","ping_status":"closed","template":"","meta":{"footnotes":""},"class_list":["post-771","page","type-page","status-publish","hentry"],"_links":{"self":[{"href":"https:\/\/lemomentreflexo.com\/index.php\/wp-json\/wp\/v2\/pages\/771","targetHints":{"allow":["GET"]}}],"collection":[{"href":"https:\/\/lemomentreflexo.com\/index.php\/wp-json\/wp\/v2\/pages"}],"about":[{"href":"https:\/\/lemomentreflexo.com\/index.php\/wp-json\/wp\/v2\/types\/page"}],"author":[{"embeddable":true,"href":"https:\/\/lemomentreflexo.com\/index.php\/wp-json\/wp\/v2\/users\/1"}],"replies":[{"embeddable":true,"href":"https:\/\/lemomentreflexo.com\/index.php\/wp-json\/wp\/v2\/comments?post=771"}],"version-history":[{"count":6,"href":"https:\/\/lemomentreflexo.com\/index.php\/wp-json\/wp\/v2\/pages\/771\/revisions"}],"predecessor-version":[{"id":992,"href":"https:\/\/lemomentreflexo.com\/index.php\/wp-json\/wp\/v2\/pages\/771\/revisions\/992"}],"up":[{"embeddable":true,"href":"https:\/\/lemomentreflexo.com\/index.php\/wp-json\/wp\/v2\/pages\/39"}],"wp:attachment":[{"href":"https:\/\/lemomentreflexo.com\/index.php\/wp-json\/wp\/v2\/media?parent=771"}],"curies":[{"name":"wp","href":"https:\/\/api.w.org\/{rel}","templated":true}]}}