{"id":31,"date":"2021-08-05T10:04:05","date_gmt":"2021-08-05T08:04:05","guid":{"rendered":"http:\/\/lemomentreflexo.com\/?page_id=31"},"modified":"2023-05-04T10:42:17","modified_gmt":"2023-05-04T08:42:17","slug":"les-bienfaits","status":"publish","type":"page","link":"https:\/\/lemomentreflexo.com\/index.php\/les-bienfaits\/","title":{"rendered":"Les bienfaits"},"content":{"rendered":"\t\t<div data-elementor-type=\"wp-page\" data-elementor-id=\"31\" class=\"elementor elementor-31\" data-elementor-settings=\"[]\">\n\t\t\t\t\t\t\t<div class=\"elementor-section-wrap\">\n\t\t\t\t\t\t\t<section class=\"elementor-section elementor-top-section elementor-element elementor-element-277b0d18 elementor-section-boxed elementor-section-height-default elementor-section-height-default\" data-id=\"277b0d18\" data-element_type=\"section\">\n\t\t\t\t\t\t<div class=\"elementor-container elementor-column-gap-default\">\n\t\t\t\t\t<div class=\"elementor-column elementor-col-100 elementor-top-column elementor-element elementor-element-3693943e\" data-id=\"3693943e\" data-element_type=\"column\">\n\t\t\t<div class=\"elementor-widget-wrap elementor-element-populated\">\n\t\t\t\t\t\t\t\t<div class=\"elementor-element elementor-element-97e014a elementor-widget elementor-widget-spacer\" data-id=\"97e014a\" data-element_type=\"widget\" data-widget_type=\"spacer.default\">\n\t\t\t\t<div class=\"elementor-widget-container\">\n\t\t\t\t\t<div class=\"elementor-spacer\">\n\t\t\t<div class=\"elementor-spacer-inner\"><\/div>\n\t\t<\/div>\n\t\t\t\t<\/div>\n\t\t\t\t<\/div>\n\t\t\t\t<div class=\"elementor-element elementor-element-fca8dec elementor-widget elementor-widget-heading\" data-id=\"fca8dec\" data-element_type=\"widget\" data-widget_type=\"heading.default\">\n\t\t\t\t<div class=\"elementor-widget-container\">\n\t\t\t<h4 class=\"elementor-heading-title elementor-size-default\">Les bienfaits<\/h4>\t\t<\/div>\n\t\t\t\t<\/div>\n\t\t\t\t<div class=\"elementor-element elementor-element-357e2421 elementor-widget elementor-widget-text-editor\" data-id=\"357e2421\" data-element_type=\"widget\" data-widget_type=\"text-editor.default\">\n\t\t\t\t<div class=\"elementor-widget-container\">\n\t\t\t\t\t\t\t<p><!-- wp:paragraph {\"align\":\"center\",\"textColor\":\"pale-pink\"} --><\/p>\n<h5>Les bienfaits de la r\u00e9flexologie sur l&rsquo;organisme sont multiples.<\/h5>\n<p><!-- \/wp:paragraph --><!-- wp:paragraph {\"align\":\"center\",\"textColor\":\"pale-pink\"} --><\/p>\n<p class=\"has-text-align-center has-pale-pink-color has-text-color\">Elle permet d&rsquo;agir sur : (liste non exhaustive)<\/p>\n<p><!-- \/wp:paragraph --><!-- wp:paragraph {\"align\":\"center\",\"textColor\":\"pale-pink\"} --><\/p>\n<p class=\"has-text-align-center has-pale-pink-color has-text-color\">&#8211; Stress, anxi\u00e9t\u00e9, crises d\u2019angoisses, gestion des \u00e9motions<\/p>\n<p><!-- \/wp:paragraph --><!-- wp:paragraph {\"align\":\"center\",\"textColor\":\"pale-pink\"} --><\/p>\n<p class=\"has-text-align-center has-pale-pink-color has-text-color\">&#8211; Gestion de la douleur (aigu\u00eb ou chronique)<\/p>\n<p><!-- \/wp:paragraph --><!-- wp:paragraph {\"align\":\"center\",\"textColor\":\"pale-pink\"} --><\/p>\n<p class=\"has-text-align-center has-pale-pink-color has-text-color\">&nbsp;&#8211; Douleurs articulaires et musculaires (arthrose, arthrite)<\/p>\n<p><!-- \/wp:paragraph --><!-- wp:paragraph {\"align\":\"center\",\"textColor\":\"pale-pink\"} --><\/p>\n<p class=\"has-text-align-center has-pale-pink-color has-text-color\">&#8211; Troubles du sommeil (difficult\u00e9s d\u2019endormissement, r\u00e9veils nocturnes, insomnies)<\/p>\n<p><!-- \/wp:paragraph --><!-- wp:paragraph {\"align\":\"center\",\"textColor\":\"pale-pink\"} --><\/p>\n<p class=\"has-text-align-center has-pale-pink-color has-text-color\">&#8211; Migraines et c\u00e9phal\u00e9es<\/p>\n<p><!-- \/wp:paragraph --><!-- wp:paragraph {\"align\":\"center\",\"textColor\":\"pale-pink\"} --><\/p>\n<p class=\"has-text-align-center has-pale-pink-color has-text-color\">&#8211; Jambes lourdes<\/p>\n<p><!-- \/wp:paragraph --><!-- wp:paragraph {\"align\":\"center\",\"textColor\":\"pale-pink\"} --><\/p>\n<p class=\"has-text-align-center has-pale-pink-color has-text-color\">&#8211; Troubles digestifs (remont\u00e9es acides, constipation, diarrh\u00e9e)<\/p>\n<p><!-- \/wp:paragraph --><!-- wp:paragraph {\"align\":\"center\",\"textColor\":\"pale-pink\"} --><\/p>\n<p class=\"has-text-align-center has-pale-pink-color has-text-color\">&#8211; Troubles urinaires (fuites urinaires, difficult\u00e9 \u00e0 uriner)<\/p>\n<p><!-- \/wp:paragraph --><!-- wp:paragraph {\"align\":\"center\",\"textColor\":\"pale-pink\"} --><\/p>\n<p class=\"has-text-align-center has-pale-pink-color has-text-color\">&#8211; R\u00e8gles douloureuses et M\u00e9nopause<\/p>\n<p><!-- \/wp:paragraph --><!-- wp:paragraph {\"align\":\"center\",\"textColor\":\"pale-pink\"} --><\/p>\n<p class=\"has-text-align-center has-pale-pink-color has-text-color\">&#8211; Maux de dos, Lumbagos<\/p>\n<p><!-- \/wp:paragraph --><!-- wp:paragraph {\"align\":\"center\",\"textColor\":\"pale-pink\"} --><\/p>\n<p class=\"has-text-align-center has-pale-pink-color has-text-color\">&#8211; Sciatique<\/p>\n<p><!-- \/wp:paragraph --><!-- wp:paragraph {\"align\":\"center\",\"textColor\":\"pale-pink\"} --><\/p>\n<p class=\"has-text-align-center has-pale-pink-color has-text-color\">&#8211; Fatigue<\/p>\n<p><!-- \/wp:paragraph --><!-- wp:paragraph {\"align\":\"center\",\"textColor\":\"pale-pink\"} --><\/p>\n<p class=\"has-text-align-center has-pale-pink-color has-text-color\">&#8211; Burnout<\/p>\n<p><!-- \/wp:paragraph --><!-- wp:paragraph {\"align\":\"center\",\"textColor\":\"pale-pink\"} --><\/p>\n<p class=\"has-text-align-center has-pale-pink-color has-text-color\">&#8211; Diab\u00e8te de type 2<\/p>\n<p><!-- \/wp:paragraph --><!-- wp:paragraph {\"align\":\"center\",\"textColor\":\"pale-pink\"} --><\/p>\n<p class=\"has-text-align-center has-pale-pink-color has-text-color\">&#8211; Canal carpien&nbsp;<\/p>\n<p><!-- \/wp:paragraph --><!-- wp:paragraph {\"align\":\"center\",\"textColor\":\"pale-pink\"} --><\/p>\n<p class=\"has-text-align-center has-pale-pink-color has-text-color\">&nbsp;En pr\u00e9vention :<\/p>\n<p><!-- \/wp:paragraph --><!-- wp:paragraph {\"align\":\"center\",\"textColor\":\"pale-pink\"} --><\/p>\n<p class=\"has-text-align-center has-pale-pink-color has-text-color\">&#8211; des infections urinaires,<\/p>\n<p><!-- \/wp:paragraph --><!-- wp:paragraph {\"align\":\"center\",\"textColor\":\"pale-pink\"} --><\/p>\n<p class=\"has-text-align-center has-pale-pink-color has-text-color\">&#8211; des bronchites,<\/p>\n<p><!-- \/wp:paragraph --><!-- wp:paragraph {\"align\":\"center\",\"textColor\":\"pale-pink\"} --><\/p>\n<p class=\"has-text-align-center has-pale-pink-color has-text-color\">-sinusites,<\/p>\n<p><!-- \/wp:paragraph --><!-- wp:paragraph {\"align\":\"center\",\"textColor\":\"pale-pink\"} --><\/p>\n<p class=\"has-text-align-center has-pale-pink-color has-text-color\">&#8211; allergies&nbsp;<\/p>\n<h4>&nbsp; &nbsp; &nbsp; <span style=\"text-decoration: underline;\">La r\u00e9gularit\u00e9 des s\u00e9ances optimise les bienfaits.&nbsp;<\/span><\/h4>\n<h5><strong>&nbsp; &nbsp; &nbsp; &nbsp;<\/strong><span style=\"font-weight: normal;\">. En pr\u00e9vention,&nbsp;<br>&nbsp; &nbsp; &nbsp; &nbsp;. En cas de sympt\u00f4mes aigus&nbsp;:<br>Le plus t\u00f4t possible pour aider le corps \u00e0 retrouver l&rsquo;\u00e9quilibre.<br>4&nbsp;\u00e0 5 s\u00e9ances suffisent le plus souvent. Les 3 premi\u00e8res peuvent \u00eatre hebdomadaires ou espac\u00e9es de 15 jours \u00e0 3 semaines en fonction de l&rsquo;am\u00e9lioration de celles-ci.<br>&nbsp; &nbsp; &nbsp; &nbsp;. En cas de sympt\u00f4mes chroniques&nbsp;:<br>Le nombre de s\u00e9ances peut \u00eatre variable suivant le&nbsp;d\u00e9s\u00e9quilibre&nbsp;trait\u00e9 et l&rsquo;am\u00e9lioration successive aux s\u00e9ances.<p><\/p>\n<p><\/p><\/span><\/h5>\n<h5><span style=\"font-weight: normal;\">&nbsp;Afin de conserver l&rsquo;\u00e9quilibre de l&rsquo;organisme et de p\u00e9renniser les bienfaits ,&nbsp;une s\u00e9ance d&rsquo;entretien tous les mois, ou deux mois, ou \u00e0 chaque changement de saison .<\/span><\/h5>\n<p><\/p>\n<p><!-- \/wp:paragraph --><\/p>\t\t\t\t\t\t<\/div>\n\t\t\t\t<\/div>\n\t\t\t\t<div class=\"elementor-element elementor-element-fa00b7b elementor-widget elementor-widget-image\" data-id=\"fa00b7b\" data-element_type=\"widget\" data-widget_type=\"image.default\">\n\t\t\t\t<div class=\"elementor-widget-container\">\n\t\t\t\t\t\t\t\t\t\t\t\t\t\t\t<img loading=\"lazy\" decoding=\"async\" width=\"500\" height=\"481\" src=\"https:\/\/lemomentreflexo.com\/wp-content\/uploads\/2021\/08\/cropped-Violet-et-Blanc-Simple-et-Circulaire-Yoga-Evenement-Logo-2.png\" class=\"attachment-large size-large\" alt=\"\" \/>\t\t\t\t\t\t\t\t\t\t\t\t\t\t\t<\/div>\n\t\t\t\t<\/div>\n\t\t\t\t\t<\/div>\n\t\t<\/div>\n\t\t\t\t\t\t\t<\/div>\n\t\t<\/section>\n\t\t\t\t\t\t<\/div>\n\t\t\t\t\t<\/div>\n\t\t","protected":false},"excerpt":{"rendered":"<p>Les bienfaits Les bienfaits de la r\u00e9flexologie sur l&rsquo;organisme sont multiples. Elle permet d&rsquo;agir sur : (liste non exhaustive) &#8211; &#8230; <\/p>\n<p class=\"more-link-container\"><a title=\"Les bienfaits\" class=\"more-link button\" href=\"https:\/\/lemomentreflexo.com\/index.php\/les-bienfaits\/#more-31\">Read More<span class=\"screen-reader-text\">Les bienfaits<\/span> <i class=\"fa fa-angle-double-right\"><\/i><\/a><\/p>\n","protected":false},"author":1,"featured_media":0,"parent":0,"menu_order":0,"comment_status":"closed","ping_status":"closed","template":"","meta":{"footnotes":""},"class_list":["post-31","page","type-page","status-publish","hentry"],"_links":{"self":[{"href":"https:\/\/lemomentreflexo.com\/index.php\/wp-json\/wp\/v2\/pages\/31","targetHints":{"allow":["GET"]}}],"collection":[{"href":"https:\/\/lemomentreflexo.com\/index.php\/wp-json\/wp\/v2\/pages"}],"about":[{"href":"https:\/\/lemomentreflexo.com\/index.php\/wp-json\/wp\/v2\/types\/page"}],"author":[{"embeddable":true,"href":"https:\/\/lemomentreflexo.com\/index.php\/wp-json\/wp\/v2\/users\/1"}],"replies":[{"embeddable":true,"href":"https:\/\/lemomentreflexo.com\/index.php\/wp-json\/wp\/v2\/comments?post=31"}],"version-history":[{"count":36,"href":"https:\/\/lemomentreflexo.com\/index.php\/wp-json\/wp\/v2\/pages\/31\/revisions"}],"predecessor-version":[{"id":669,"href":"https:\/\/lemomentreflexo.com\/index.php\/wp-json\/wp\/v2\/pages\/31\/revisions\/669"}],"wp:attachment":[{"href":"https:\/\/lemomentreflexo.com\/index.php\/wp-json\/wp\/v2\/media?parent=31"}],"curies":[{"name":"wp","href":"https:\/\/api.w.org\/{rel}","templated":true}]}}