{"id":29,"date":"2021-08-05T10:04:05","date_gmt":"2021-08-05T08:04:05","guid":{"rendered":"http:\/\/lemomentreflexo.com\/?page_id=29"},"modified":"2024-05-01T21:44:03","modified_gmt":"2024-05-01T19:44:03","slug":"quest-ce-que-la-reflexologie","status":"publish","type":"page","link":"https:\/\/lemomentreflexo.com\/index.php\/quest-ce-que-la-reflexologie\/","title":{"rendered":"La r\u00e9flexologie ?"},"content":{"rendered":"\t\t<div data-elementor-type=\"wp-page\" data-elementor-id=\"29\" class=\"elementor elementor-29\" data-elementor-settings=\"[]\">\n\t\t\t\t\t\t\t<div class=\"elementor-section-wrap\">\n\t\t\t\t\t\t\t<section class=\"elementor-section elementor-top-section elementor-element elementor-element-0f8a169 elementor-section-boxed elementor-section-height-default elementor-section-height-default\" data-id=\"0f8a169\" data-element_type=\"section\">\n\t\t\t\t\t\t<div class=\"elementor-container elementor-column-gap-default\">\n\t\t\t\t\t<div class=\"elementor-column elementor-col-50 elementor-top-column elementor-element elementor-element-1b9a452\" data-id=\"1b9a452\" data-element_type=\"column\">\n\t\t\t<div class=\"elementor-widget-wrap elementor-element-populated\">\n\t\t\t\t\t\t\t\t<div class=\"elementor-element elementor-element-690dde8 elementor-widget elementor-widget-image\" data-id=\"690dde8\" data-element_type=\"widget\" data-widget_type=\"image.default\">\n\t\t\t\t<div class=\"elementor-widget-container\">\n\t\t\t\t\t\t\t\t\t\t\t\t\t\t\t<img loading=\"lazy\" decoding=\"async\" width=\"300\" height=\"200\" src=\"https:\/\/lemomentreflexo.com\/wp-content\/uploads\/2021\/08\/plantaire-1-300x200.jpg\" class=\"attachment-medium size-medium\" alt=\"\" \/>\t\t\t\t\t\t\t\t\t\t\t\t\t\t\t<\/div>\n\t\t\t\t<\/div>\n\t\t\t\t\t<\/div>\n\t\t<\/div>\n\t\t\t\t<div class=\"elementor-column elementor-col-50 elementor-top-column elementor-element elementor-element-34040e4\" data-id=\"34040e4\" data-element_type=\"column\">\n\t\t\t<div class=\"elementor-widget-wrap elementor-element-populated\">\n\t\t\t\t\t\t\t\t<div class=\"elementor-element elementor-element-710228b elementor-widget elementor-widget-image\" data-id=\"710228b\" data-element_type=\"widget\" data-widget_type=\"image.default\">\n\t\t\t\t<div class=\"elementor-widget-container\">\n\t\t\t\t\t\t\t\t\t\t\t\t\t\t\t<img loading=\"lazy\" decoding=\"async\" width=\"300\" height=\"186\" src=\"https:\/\/lemomentreflexo.com\/wp-content\/uploads\/2021\/08\/reflexologie-palmaire-300x186.jpg\" class=\"attachment-medium size-medium\" alt=\"\" \/>\t\t\t\t\t\t\t\t\t\t\t\t\t\t\t<\/div>\n\t\t\t\t<\/div>\n\t\t\t\t\t<\/div>\n\t\t<\/div>\n\t\t\t\t\t\t\t<\/div>\n\t\t<\/section>\n\t\t\t\t<section class=\"elementor-section elementor-top-section elementor-element elementor-element-2c51338 elementor-section-boxed elementor-section-height-default elementor-section-height-default\" data-id=\"2c51338\" data-element_type=\"section\" data-settings=\"{&quot;background_background&quot;:&quot;classic&quot;}\">\n\t\t\t\t\t\t<div class=\"elementor-container elementor-column-gap-default\">\n\t\t\t\t\t<div class=\"elementor-column elementor-col-100 elementor-top-column elementor-element elementor-element-8a3ecca\" data-id=\"8a3ecca\" data-element_type=\"column\" data-settings=\"{&quot;background_background&quot;:&quot;classic&quot;}\">\n\t\t\t<div class=\"elementor-widget-wrap elementor-element-populated\">\n\t\t\t\t\t\t\t\t<div class=\"elementor-element elementor-element-2c20dd1 elementor-widget elementor-widget-text-editor\" data-id=\"2c20dd1\" data-element_type=\"widget\" data-widget_type=\"text-editor.default\">\n\t\t\t\t<div class=\"elementor-widget-container\">\n\t\t\t\t\t\t\t<h2 class=\"has-pale-pink-color has-text-color\"><strong><span style=\"text-decoration: underline;\">Je pratique la Neuro-R\u00e9flexologie \u00ae plantaire et palmaire :<\/span><\/strong><\/h2>\n<p><!-- \/wp:paragraph --><\/p>\n<p><!-- wp:paragraph {\"textColor\":\"pale-pink\"} --><\/p>\n<h5 class=\"has-pale-pink-color has-text-color\">La r\u00e9flexologie se base sur le fait que les pieds ou les mains sont une repr\u00e9sentation miniaturis\u00e9e du corps humain. Ainsi, en exer\u00e7ant une pression sur chaque point, chaque zone r\u00e9flexe du pied ou de la main cela permet d\u2019agir sur un organe, une glande, une partie sp\u00e9cifique de l\u2019organisme.<\/h5>\n<h5><!-- \/wp:paragraph --><\/h5>\n<h5><!-- wp:paragraph {\"textColor\":\"pale-pink\"} --><\/h5>\n<h5 class=\"has-pale-pink-color has-text-color\">La r\u00e9flexologie est une m\u00e9thode curative, pr\u00e9ventive et relaxante. Elle :<\/h5>\n<h5><!-- \/wp:paragraph --><\/h5>\n<h5><!-- wp:list {\"textColor\":\"pale-pink\"} --><\/h5>\n<ul class=\"has-pale-pink-color has-text-color\">\n<li>\n<h5>Lib\u00e8re les tensions li\u00e9es au stress,<\/h5>\n<\/li>\n<li>\n<h5>Procure d\u00e9tente et bien \u00eatre,<\/h5>\n<\/li>\n<li>\n<h5>Am\u00e9liore la circulation sanguine, lymphatique, \u00e9nerg\u00e9tique,<\/h5>\n<\/li>\n<li>\n<h5>Dynamise et soutient l\u2019organisme, favorisant ainsi les processus d\u2019auto-r\u00e9gulation.<\/h5>\n<\/li>\n<\/ul>\n<h5><!-- \/wp:list --><\/h5>\n<h5><!-- wp:paragraph {\"textColor\":\"pale-pink\"} --><\/h5>\n<h5 class=\"has-pale-pink-color has-text-color\">Cette m\u00e9thode permet d&rsquo;\u00e9quilibrer le syst\u00e8me nerveux autonome et retrouver l&rsquo;hom\u00e9ostasie qui est l&rsquo;\u00e9quilibre du milieu int\u00e9rieur du corps.<\/h5>\n<h5><!-- \/wp:paragraph --><\/h5>\n<h5><!-- wp:paragraph {\"textColor\":\"pale-pink\"} --><\/h5>\n<h5 class=\"has-pale-pink-color has-text-color\">Une fois cet \u00e9quilibre retrouv\u00e9, une \u00e9nergie dynamique et positive permet de restaurer l\u2019\u00e9quilibre \u00e9motionnel. Ainsi les maux du corps et de l\u2019esprit s\u2019estompent et disparaissent.<\/h5>\n<h5><!-- \/wp:paragraph --><\/h5>\n<h5><!-- wp:paragraph {\"textColor\":\"pale-pink\"} --><\/h5>\n<h5 class=\"has-pale-pink-color has-text-color\">\u00a0C\u2019est un merveilleux instrument d\u2019entretien et de pr\u00e9vention, en accompagnement d\u2019appoint \u00e0 d\u2019autres traitements m\u00e9dicaux.\u00a0<\/h5>\n<h5><!-- \/wp:paragraph --><\/h5>\n<h5><!-- wp:paragraph --><\/h5>\n<h5>\u00a0<\/h5>\t\t\t\t\t\t<\/div>\n\t\t\t\t<\/div>\n\t\t\t\t\t<\/div>\n\t\t<\/div>\n\t\t\t\t\t\t\t<\/div>\n\t\t<\/section>\n\t\t\t\t<section class=\"elementor-section elementor-top-section elementor-element elementor-element-c2f7658 elementor-section-boxed elementor-section-height-default elementor-section-height-default\" data-id=\"c2f7658\" data-element_type=\"section\">\n\t\t\t\t\t\t<div class=\"elementor-container elementor-column-gap-default\">\n\t\t\t\t\t<div class=\"elementor-column elementor-col-100 elementor-top-column elementor-element elementor-element-c24719c\" data-id=\"c24719c\" data-element_type=\"column\">\n\t\t\t<div class=\"elementor-widget-wrap elementor-element-populated\">\n\t\t\t\t\t\t\t\t<div class=\"elementor-element elementor-element-d4b1c5a elementor-widget-divider--view-line_icon elementor-view-default elementor-widget-divider--element-align-center elementor-widget elementor-widget-divider\" data-id=\"d4b1c5a\" data-element_type=\"widget\" data-widget_type=\"divider.default\">\n\t\t\t\t<div class=\"elementor-widget-container\">\n\t\t\t\t\t<div class=\"elementor-divider\">\n\t\t\t<span class=\"elementor-divider-separator\">\n\t\t\t\t\t\t\t<div class=\"elementor-icon elementor-divider__element\">\n\t\t\t\t\t<i aria-hidden=\"true\" class=\"fas fa-star\"><\/i><\/div>\n\t\t\t\t\t\t<\/span>\n\t\t<\/div>\n\t\t\t\t<\/div>\n\t\t\t\t<\/div>\n\t\t\t\t\t<\/div>\n\t\t<\/div>\n\t\t\t\t\t\t\t<\/div>\n\t\t<\/section>\n\t\t\t\t<section class=\"elementor-section elementor-top-section elementor-element elementor-element-9356325 elementor-section-boxed elementor-section-height-default elementor-section-height-default\" data-id=\"9356325\" data-element_type=\"section\">\n\t\t\t\t\t\t<div class=\"elementor-container elementor-column-gap-default\">\n\t\t\t\t\t<div class=\"elementor-column elementor-col-100 elementor-top-column elementor-element elementor-element-2cd9b54\" data-id=\"2cd9b54\" data-element_type=\"column\">\n\t\t\t<div class=\"elementor-widget-wrap elementor-element-populated\">\n\t\t\t\t\t\t\t\t<div class=\"elementor-element elementor-element-ecf93ea elementor-widget elementor-widget-image\" data-id=\"ecf93ea\" data-element_type=\"widget\" data-widget_type=\"image.default\">\n\t\t\t\t<div class=\"elementor-widget-container\">\n\t\t\t\t\t\t\t\t\t\t\t\t\t\t\t<img loading=\"lazy\" decoding=\"async\" width=\"300\" height=\"187\" src=\"https:\/\/lemomentreflexo.com\/wp-content\/uploads\/2021\/08\/combinee-300x187.jpg\" class=\"attachment-medium size-medium\" alt=\"\" \/>\t\t\t\t\t\t\t\t\t\t\t\t\t\t\t<\/div>\n\t\t\t\t<\/div>\n\t\t\t\t\t<\/div>\n\t\t<\/div>\n\t\t\t\t\t\t\t<\/div>\n\t\t<\/section>\n\t\t\t\t<section class=\"elementor-section elementor-top-section elementor-element elementor-element-e9c53f3 elementor-section-boxed elementor-section-height-default elementor-section-height-default\" data-id=\"e9c53f3\" data-element_type=\"section\" data-settings=\"{&quot;background_background&quot;:&quot;classic&quot;}\">\n\t\t\t\t\t\t<div class=\"elementor-container elementor-column-gap-default\">\n\t\t\t\t\t<div class=\"elementor-column elementor-col-100 elementor-top-column elementor-element elementor-element-e7d77de\" data-id=\"e7d77de\" data-element_type=\"column\">\n\t\t\t<div class=\"elementor-widget-wrap elementor-element-populated\">\n\t\t\t\t\t\t\t\t<div class=\"elementor-element elementor-element-fc30662 elementor-widget elementor-widget-text-editor\" data-id=\"fc30662\" data-element_type=\"widget\" data-widget_type=\"text-editor.default\">\n\t\t\t\t<div class=\"elementor-widget-container\">\n\t\t\t\t\t\t\t<h2 class=\"has-pale-pink-color has-text-color\"><strong><span style=\"text-decoration: underline;\">Je suis form\u00e9e en R\u00e9flexologie cr\u00e2nio-faciale combin\u00e9e\u00ae (Protocole d&rsquo;Anne-Sophie Bertherat-Paccard, d\u00e9velopp\u00e9 avec des ost\u00e9opathes).<\/span><\/strong><\/h2>\n<h5 class=\"has-pale-pink-color has-text-color\">\u00a0C&rsquo;est une technique r\u00e9flexe de relaxation et de stimulation aux r\u00e9percussions positives sur tout le corps. La t\u00eate (comprenant le cr\u00e2ne, le visage, la nuque et les \u00e9paules) est une zone du corps qui rassemble pr\u00e8s de 300 points r\u00e9flexes. Les soins prodigu\u00e9s durant une s\u00e9ance de r\u00e9flexologie cr\u00e2nienne visent \u00e0 favoriser une meilleure circulation sanguine et lymphatique et \u00e0 d\u00e9tendre les tensions faciales. Ils d\u00e9congestionnent les points d\u2019\u00e9nergie pour activer de meilleurs \u00e9changes et permettent de toucher diff\u00e9rents points de tensions r\u00e9partis dans le corps. La r\u00e9flexologie faciale et cr\u00e2nienne est tout \u00e0 fait indiqu\u00e9e dans les cas d\u2019anxi\u00e9t\u00e9, surmenage, baisse de moral, insomnie mais aussi de sinusite, tensions oculaires, migraine et maux de t\u00eate, bruxisme, douleurs musculaires situ\u00e9es dans le haut du corps.<\/h5>\t\t\t\t\t\t<\/div>\n\t\t\t\t<\/div>\n\t\t\t\t\t<\/div>\n\t\t<\/div>\n\t\t\t\t\t\t\t<\/div>\n\t\t<\/section>\n\t\t\t\t<section class=\"elementor-section elementor-top-section elementor-element elementor-element-02c6d22 elementor-section-boxed elementor-section-height-default elementor-section-height-default\" data-id=\"02c6d22\" data-element_type=\"section\">\n\t\t\t\t\t\t<div class=\"elementor-container elementor-column-gap-default\">\n\t\t\t\t\t<div class=\"elementor-column elementor-col-100 elementor-top-column elementor-element elementor-element-859534a\" data-id=\"859534a\" data-element_type=\"column\">\n\t\t\t<div class=\"elementor-widget-wrap elementor-element-populated\">\n\t\t\t\t\t\t\t\t<div class=\"elementor-element elementor-element-2464cf4 elementor-widget-divider--view-line_icon elementor-view-default elementor-widget-divider--element-align-center elementor-widget elementor-widget-divider\" data-id=\"2464cf4\" data-element_type=\"widget\" data-widget_type=\"divider.default\">\n\t\t\t\t<div class=\"elementor-widget-container\">\n\t\t\t\t\t<div class=\"elementor-divider\">\n\t\t\t<span class=\"elementor-divider-separator\">\n\t\t\t\t\t\t\t<div class=\"elementor-icon elementor-divider__element\">\n\t\t\t\t\t<i aria-hidden=\"true\" class=\"fas fa-star\"><\/i><\/div>\n\t\t\t\t\t\t<\/span>\n\t\t<\/div>\n\t\t\t\t<\/div>\n\t\t\t\t<\/div>\n\t\t\t\t\t<\/div>\n\t\t<\/div>\n\t\t\t\t\t\t\t<\/div>\n\t\t<\/section>\n\t\t\t\t<section class=\"elementor-section elementor-top-section elementor-element elementor-element-ef467f9 elementor-section-boxed elementor-section-height-default elementor-section-height-default\" data-id=\"ef467f9\" data-element_type=\"section\">\n\t\t\t\t\t\t<div class=\"elementor-container elementor-column-gap-default\">\n\t\t\t\t\t<div class=\"elementor-column elementor-col-100 elementor-top-column elementor-element elementor-element-a863ca0\" data-id=\"a863ca0\" data-element_type=\"column\">\n\t\t\t<div class=\"elementor-widget-wrap elementor-element-populated\">\n\t\t\t\t\t\t\t\t<div class=\"elementor-element elementor-element-bb1b47f elementor-widget elementor-widget-image\" data-id=\"bb1b47f\" data-element_type=\"widget\" data-widget_type=\"image.default\">\n\t\t\t\t<div class=\"elementor-widget-container\">\n\t\t\t\t\t\t\t\t\t\t\t\t\t\t\t<img loading=\"lazy\" decoding=\"async\" width=\"300\" height=\"180\" src=\"https:\/\/lemomentreflexo.com\/wp-content\/uploads\/2022\/05\/dos-300x180.jpg\" class=\"attachment-medium size-medium\" alt=\"\" \/>\t\t\t\t\t\t\t\t\t\t\t\t\t\t\t<\/div>\n\t\t\t\t<\/div>\n\t\t\t\t\t<\/div>\n\t\t<\/div>\n\t\t\t\t\t\t\t<\/div>\n\t\t<\/section>\n\t\t\t\t<section class=\"elementor-section elementor-top-section elementor-element elementor-element-02ec09a elementor-section-boxed elementor-section-height-default elementor-section-height-default\" data-id=\"02ec09a\" data-element_type=\"section\" data-settings=\"{&quot;background_background&quot;:&quot;classic&quot;}\">\n\t\t\t\t\t\t<div class=\"elementor-container elementor-column-gap-default\">\n\t\t\t\t\t<div class=\"elementor-column elementor-col-100 elementor-top-column elementor-element elementor-element-7375d71\" data-id=\"7375d71\" data-element_type=\"column\">\n\t\t\t<div class=\"elementor-widget-wrap elementor-element-populated\">\n\t\t\t\t\t\t\t\t<div class=\"elementor-element elementor-element-cfe0497 elementor-widget elementor-widget-text-editor\" data-id=\"cfe0497\" data-element_type=\"widget\" data-widget_type=\"text-editor.default\">\n\t\t\t\t<div class=\"elementor-widget-container\">\n\t\t\t\t\t\t\t<h2 class=\"has-pale-pink-color has-text-color\"><strong><span style=\"text-decoration: underline;\">Je suis aussi form\u00e9e en spino-r\u00e9flexologie ou r\u00e9flexologie dorsale ( Sergio Mesa ):<\/span><\/strong><\/h2>\n<h5 class=\"has-pale-pink-color has-text-color\">Je vais travailler sur le dos , plus pr\u00e9cis\u00e9ment sur les liens qui sont de part et d&rsquo;autre de la colonne vert\u00e9brale et qui vont directement vers les organes ou une partie de la peau .Cela va permettre d&rsquo;aller au plus proche\u00a0 de l&rsquo;origine de la douleur pour plus d&rsquo;efficacit\u00e9 .<\/h5>\n<h5 class=\"has-pale-pink-color has-text-color\">Elle permet de soulager les insomnies , le stress , la douleur , les troubles digestifs , les migraines &#8230;<\/h5>\t\t\t\t\t\t<\/div>\n\t\t\t\t<\/div>\n\t\t\t\t\t<\/div>\n\t\t<\/div>\n\t\t\t\t\t\t\t<\/div>\n\t\t<\/section>\n\t\t\t\t<section class=\"elementor-section elementor-top-section elementor-element elementor-element-79317df elementor-section-boxed elementor-section-height-default elementor-section-height-default\" data-id=\"79317df\" data-element_type=\"section\" data-settings=\"{&quot;background_background&quot;:&quot;classic&quot;}\">\n\t\t\t\t\t\t<div class=\"elementor-container elementor-column-gap-default\">\n\t\t\t\t\t<div class=\"elementor-column elementor-col-100 elementor-top-column elementor-element elementor-element-9c4bbbc\" data-id=\"9c4bbbc\" data-element_type=\"column\">\n\t\t\t<div class=\"elementor-widget-wrap elementor-element-populated\">\n\t\t\t\t\t\t\t\t<div class=\"elementor-element elementor-element-c8254a5 elementor-widget elementor-widget-text-editor\" data-id=\"c8254a5\" data-element_type=\"widget\" data-widget_type=\"text-editor.default\">\n\t\t\t\t<div class=\"elementor-widget-container\">\n\t\t\t\t\t\t\t<p><em>Conform\u00e9ment \u00e0 la loi, la pratique de la r\u00e9flexologie ne peut \u00eatre en aucun cas assimil\u00e9e \u00e0 des soins m\u00e9dicaux ou de kin\u00e9sith\u00e9rapie, mais aux techniques de bien \u00eatre par la relaxation physique et la d\u00e9tente lib\u00e9ratrice de stress. (Loi du 30.04.1946, d\u00e9cret 60669 de l\u2019article l.489 et de l\u2019arr\u00eat\u00e9 du 8.10.1996).<\/em><\/p>\n<p>La r\u00e9flexologie n\u2019est ni un massage, ni un acte m\u00e9dical, et ne se substitue \u00e0 aucun traitement m\u00e9dical. De m\u00eame, le r\u00e9flexologue ne pose aucun diagnostic m\u00e9dical et n\u2019intervient dans aucune d\u00e9cision th\u00e9rapeutique et il peut demander l&rsquo;avis du m\u00e9decin traitant ou sp\u00e9cialiste .<\/p>\t\t\t\t\t\t<\/div>\n\t\t\t\t<\/div>\n\t\t\t\t\t<\/div>\n\t\t<\/div>\n\t\t\t\t\t\t\t<\/div>\n\t\t<\/section>\n\t\t\t\t\t\t<\/div>\n\t\t\t\t\t<\/div>\n\t\t","protected":false},"excerpt":{"rendered":"<p>Je pratique la Neuro-R\u00e9flexologie \u00ae plantaire et palmaire : La r\u00e9flexologie se base sur le fait que les pieds ou &#8230; <\/p>\n<p class=\"more-link-container\"><a title=\"La r\u00e9flexologie ?\" class=\"more-link button\" href=\"https:\/\/lemomentreflexo.com\/index.php\/quest-ce-que-la-reflexologie\/#more-29\">Read More<span class=\"screen-reader-text\">La r\u00e9flexologie ?<\/span> <i class=\"fa fa-angle-double-right\"><\/i><\/a><\/p>\n","protected":false},"author":1,"featured_media":0,"parent":0,"menu_order":0,"comment_status":"closed","ping_status":"closed","template":"","meta":{"footnotes":""},"class_list":["post-29","page","type-page","status-publish","hentry"],"_links":{"self":[{"href":"https:\/\/lemomentreflexo.com\/index.php\/wp-json\/wp\/v2\/pages\/29","targetHints":{"allow":["GET"]}}],"collection":[{"href":"https:\/\/lemomentreflexo.com\/index.php\/wp-json\/wp\/v2\/pages"}],"about":[{"href":"https:\/\/lemomentreflexo.com\/index.php\/wp-json\/wp\/v2\/types\/page"}],"author":[{"embeddable":true,"href":"https:\/\/lemomentreflexo.com\/index.php\/wp-json\/wp\/v2\/users\/1"}],"replies":[{"embeddable":true,"href":"https:\/\/lemomentreflexo.com\/index.php\/wp-json\/wp\/v2\/comments?post=29"}],"version-history":[{"count":27,"href":"https:\/\/lemomentreflexo.com\/index.php\/wp-json\/wp\/v2\/pages\/29\/revisions"}],"predecessor-version":[{"id":1025,"href":"https:\/\/lemomentreflexo.com\/index.php\/wp-json\/wp\/v2\/pages\/29\/revisions\/1025"}],"wp:attachment":[{"href":"https:\/\/lemomentreflexo.com\/index.php\/wp-json\/wp\/v2\/media?parent=29"}],"curies":[{"name":"wp","href":"https:\/\/api.w.org\/{rel}","templated":true}]}}