{"id":1089,"date":"2025-10-01T13:29:20","date_gmt":"2025-10-01T11:29:20","guid":{"rendered":"https:\/\/lemomentreflexo.com\/?page_id=1089"},"modified":"2025-10-01T13:53:08","modified_gmt":"2025-10-01T11:53:08","slug":"relaxation-coreenne","status":"publish","type":"page","link":"https:\/\/lemomentreflexo.com\/index.php\/relaxation-coreenne\/","title":{"rendered":"Relaxation Cor\u00e9enne"},"content":{"rendered":"\t\t<div data-elementor-type=\"wp-page\" data-elementor-id=\"1089\" class=\"elementor elementor-1089\" data-elementor-settings=\"[]\">\n\t\t\t\t\t\t\t<div class=\"elementor-section-wrap\">\n\t\t\t\t\t\t\t<section class=\"elementor-section elementor-top-section elementor-element elementor-element-293f4c42 elementor-section-boxed elementor-section-height-default elementor-section-height-default\" data-id=\"293f4c42\" data-element_type=\"section\">\n\t\t\t\t\t\t<div class=\"elementor-container elementor-column-gap-default\">\n\t\t\t\t\t<div class=\"elementor-column elementor-col-100 elementor-top-column elementor-element elementor-element-5d828b06\" data-id=\"5d828b06\" data-element_type=\"column\">\n\t\t\t<div class=\"elementor-widget-wrap elementor-element-populated\">\n\t\t\t\t\t\t\t\t<div class=\"elementor-element elementor-element-18327ae7 elementor-widget elementor-widget-text-editor\" data-id=\"18327ae7\" data-element_type=\"widget\" data-widget_type=\"text-editor.default\">\n\t\t\t\t<div class=\"elementor-widget-container\">\n\t\t\t\t\t\t\t<figure class=\"wp-block-image size-full\"><img loading=\"lazy\" decoding=\"async\" width=\"259\" height=\"194\" class=\"wp-image-1093\" src=\"https:\/\/lemomentreflexo.com\/wp-content\/uploads\/2025\/10\/telechargement-1.jpg\" alt=\"\" \/>.<\/figure>\n<h3>\u00a0<\/h3>\n<h3 class=\"wp-block-image size-full\"><u data-wp-editing=\"1\"><img decoding=\"async\" class=\"emoji\" role=\"img\" draggable=\"false\" src=\"https:\/\/s.w.org\/images\/core\/emoji\/16.0.1\/svg\/2728.svg\" alt=\"\u2728\" \/> La relaxation cor\u00e9enne : un voyage au c\u0153ur du l\u00e2cher-prise <img decoding=\"async\" class=\"emoji\" role=\"img\" draggable=\"false\" src=\"https:\/\/s.w.org\/images\/core\/emoji\/16.0.1\/svg\/2728.svg\" alt=\"\u2728\" \/><\/u><\/h3>\n<figure class=\"wp-block-image size-full\">\n<figcaption class=\"wp-element-caption\"><\/figcaption>\n<\/figure>\n<figure class=\"wp-block-image size-full\">\n<figcaption class=\"wp-element-caption\">La relaxation cor\u00e9enne est une m\u00e9thode douce et profond\u00e9ment apaisante qui invite le corps et l\u2019esprit \u00e0 se rel\u00e2cher.<\/figcaption>\n<\/figure>\n<figure class=\"wp-block-image size-full\">\n<figcaption class=\"wp-element-caption\">Pratiqu\u00e9e habill\u00e9(e) et confortablement allong\u00e9(e), elle se compose de mouvements passifs, d\u2019ondulations et de vibrations qui se propagent dans tout le corps comme de petites vagues.<\/figcaption>\n<\/figure>\n<figure class=\"wp-block-image size-full\">\n<figcaption class=\"wp-element-caption\"><img decoding=\"async\" class=\"emoji\" role=\"img\" draggable=\"false\" src=\"https:\/\/s.w.org\/images\/core\/emoji\/16.0.1\/svg\/1f33f.svg\" alt=\"\ud83c\udf3f\" \/> Gr\u00e2ce \u00e0 ces mobilisations douces :<\/figcaption>\n<\/figure>\n<figure class=\"wp-block-image size-full\">\n<figcaption class=\"wp-element-caption\">les tensions musculaires se lib\u00e8rent,<\/figcaption>\n<\/figure>\n<figure class=\"wp-block-image size-full\">\n<figcaption class=\"wp-element-caption\">les articulations retrouvent souplesse et fluidit\u00e9,<\/figcaption>\n<\/figure>\n<figure class=\"wp-block-image size-full\">\n<figcaption class=\"wp-element-caption\">la respiration s\u2019apaise,<\/figcaption>\n<\/figure>\n<figure class=\"wp-block-image size-full\">\n<figcaption class=\"wp-element-caption\">l\u2019esprit se d\u00e9tend en profondeur.<\/figcaption>\n<\/figure>\n<figure class=\"wp-block-image size-full\">\n<figcaption class=\"wp-element-caption\">Cette pratique procure une sensation de l\u00e9g\u00e8ret\u00e9 et de bien-\u00eatre global, id\u00e9ale pour r\u00e9duire le stress, calmer le mental et renouer avec une harmonie int\u00e9rieure.<\/figcaption>\n<\/figure>\n<figure class=\"wp-block-image size-full\">\n<figcaption class=\"wp-element-caption\"><img decoding=\"async\" class=\"emoji\" role=\"img\" draggable=\"false\" src=\"https:\/\/s.w.org\/images\/core\/emoji\/16.0.1\/svg\/1f486-200d-2640-fe0f.svg\" alt=\"\ud83d\udc86\u200d\u2640\ufe0f\" \/> Un v\u00e9ritable temps de pause, pour vous offrir une bulle de s\u00e9r\u00e9nit\u00e9.<\/figcaption>\n<\/figure>\n<figure class=\"wp-block-image size-full\">\n<figcaption class=\"wp-element-caption\"><\/figcaption>\n<\/figure>\n<p><!-- \/wp:image --><!-- wp:paragraph --><\/p>\n<h3>\u00a0 \u00a0 \u00a0 \u00a0 \u00a0 \u00a0\u00a0<u style=\"font-weight: normal;\">Contres indications :<\/u><\/h3>\n<p><!-- \/wp:paragraph --><!-- wp:list --><\/p>\n<ul class=\"wp-block-list\">\n<li style=\"list-style-type: none;\">\n<ul class=\"wp-block-list\"><!-- wp:list-item --><\/ul>\n<\/li>\n<\/ul>\n<ul class=\"wp-block-list\">\n<li style=\"list-style-type: none;\">\n<ul class=\"wp-block-list\">\n<li>Phl\u00e9bite<\/li>\n<\/ul>\n<\/li>\n<\/ul>\n<p><!-- \/wp:list-item --><!-- wp:list-item --><\/p>\n<ul class=\"wp-block-list\">\n<li style=\"list-style-type: none;\">\n<ul class=\"wp-block-list\">\n<li>Fi\u00e8vre de 2 degr\u00e9s au-dessus de la normale (99 \u00b0F \/ 37 \u00b0C)<\/li>\n<\/ul>\n<\/li>\n<\/ul>\n<p><!-- \/wp:list-item --><!-- wp:list-item --><\/p>\n<ul class=\"wp-block-list\">\n<li style=\"list-style-type: none;\">\n<ul class=\"wp-block-list\">\n<li>Infection<\/li>\n<\/ul>\n<\/li>\n<\/ul>\n<p><!-- \/wp:list-item --><!-- wp:list-item --><\/p>\n<ul class=\"wp-block-list\">\n<li style=\"list-style-type: none;\">\n<ul class=\"wp-block-list\">\n<li>Vomissements \/ naus\u00e9e \/ diarrh\u00e9e<\/li>\n<\/ul>\n<\/li>\n<\/ul>\n<p><!-- \/wp:list-item --><!-- wp:list-item --><\/p>\n<ul class=\"wp-block-list\">\n<li style=\"list-style-type: none;\">\n<ul class=\"wp-block-list\">\n<li>Rhumatisme inflammatoire aigu (inflammation des articulations p\u00e9riph\u00e9riques)<\/li>\n<\/ul>\n<\/li>\n<\/ul>\n<p><!-- \/wp:list-item --><!-- wp:list-item --><\/p>\n<ul class=\"wp-block-list\">\n<li style=\"list-style-type: none;\">\n<ul class=\"wp-block-list\">\n<li>Dysfonction grave ou non trait\u00e9 d\u2019un organe ou d\u2019un syst\u00e8me<\/li>\n<\/ul>\n<\/li>\n<\/ul>\n<p><!-- \/wp:list-item --><!-- wp:list-item --><\/p>\n<ul class=\"wp-block-list\">\n<li style=\"list-style-type: none;\">\n<ul class=\"wp-block-list\">\n<li>Traumatisme osseux, articulaire ou musculaire (d\u00e9chirure, claquage)<\/li>\n<\/ul>\n<\/li>\n<\/ul>\n<p><!-- \/wp:list-item --><!-- wp:list-item --><\/p>\n<ul class=\"wp-block-list\">\n<li style=\"list-style-type: none;\">\n<ul class=\"wp-block-list\">\n<li>Maladies psychiques<\/li>\n<\/ul>\n<\/li>\n<\/ul>\n<p><!-- \/wp:list-item --><!-- wp:list-item --><\/p>\n<ul class=\"wp-block-list\">\n<li style=\"list-style-type: none;\">\n<ul class=\"wp-block-list\">\n<li>Alcool\u00e9mie, stup\u00e9fiants<\/li>\n<\/ul>\n<\/li>\n<\/ul>\n<p><!-- \/wp:list-item --><!-- wp:list-item --><\/p>\n<ul class=\"wp-block-list\">\n<li style=\"list-style-type: none;\">\n<ul class=\"wp-block-list\">\n<li>Femme enceinte (moins de 3 mois)\u00a0<\/li>\n<\/ul>\n<\/li>\n<\/ul>\n<p><!-- \/wp:list-item --><!-- wp:list-item --><\/p>\n<ul class=\"wp-block-list\">\n<li style=\"list-style-type: none;\">\n<ul class=\"wp-block-list\">\n<li>Traumatisme osseux, articulaire ou musculaire<\/li>\n<\/ul>\n<\/li>\n<\/ul>\n<p><!-- \/wp:list-item --><!-- wp:list-item --><\/p>\n<ul class=\"wp-block-list\">\n<li style=\"list-style-type: none;\">\n<ul class=\"wp-block-list\">\n<li>Ecchymose, H\u00e9matome, Contusion<\/li>\n<\/ul>\n<\/li>\n<\/ul>\n<p><!-- \/wp:list-item --><!-- wp:list-item --><\/p>\n<ul class=\"wp-block-list\">\n<li style=\"list-style-type: none;\">\n<ul class=\"wp-block-list\">\n<li>Elongation, d\u00e9chirure, claquage<\/li>\n<\/ul>\n<\/li>\n<\/ul>\n<p><!-- \/wp:list-item --><!-- wp:list-item --><\/p>\n<ul class=\"wp-block-list\">\n<li style=\"list-style-type: none;\">\n<ul class=\"wp-block-list\">\n<li>Entorse<\/li>\n<\/ul>\n<\/li>\n<\/ul>\n<p><!-- \/wp:list-item --><\/p>\n<p><!-- \/wp:list --><\/p>\t\t\t\t\t\t<\/div>\n\t\t\t\t<\/div>\n\t\t\t\t\t<\/div>\n\t\t<\/div>\n\t\t\t\t\t\t\t<\/div>\n\t\t<\/section>\n\t\t\t\t\t\t<\/div>\n\t\t\t\t\t<\/div>\n\t\t","protected":false},"excerpt":{"rendered":"<p>. \u00a0 La relaxation cor\u00e9enne : un voyage au c\u0153ur du l\u00e2cher-prise La relaxation cor\u00e9enne est une m\u00e9thode douce et &#8230; <\/p>\n<p class=\"more-link-container\"><a title=\"Relaxation Cor\u00e9enne\" class=\"more-link button\" href=\"https:\/\/lemomentreflexo.com\/index.php\/relaxation-coreenne\/#more-1089\">Read More<span class=\"screen-reader-text\">Relaxation Cor\u00e9enne<\/span> <i class=\"fa fa-angle-double-right\"><\/i><\/a><\/p>\n","protected":false},"author":1,"featured_media":0,"parent":0,"menu_order":0,"comment_status":"closed","ping_status":"closed","template":"","meta":{"footnotes":""},"class_list":["post-1089","page","type-page","status-publish","hentry"],"_links":{"self":[{"href":"https:\/\/lemomentreflexo.com\/index.php\/wp-json\/wp\/v2\/pages\/1089","targetHints":{"allow":["GET"]}}],"collection":[{"href":"https:\/\/lemomentreflexo.com\/index.php\/wp-json\/wp\/v2\/pages"}],"about":[{"href":"https:\/\/lemomentreflexo.com\/index.php\/wp-json\/wp\/v2\/types\/page"}],"author":[{"embeddable":true,"href":"https:\/\/lemomentreflexo.com\/index.php\/wp-json\/wp\/v2\/users\/1"}],"replies":[{"embeddable":true,"href":"https:\/\/lemomentreflexo.com\/index.php\/wp-json\/wp\/v2\/comments?post=1089"}],"version-history":[{"count":4,"href":"https:\/\/lemomentreflexo.com\/index.php\/wp-json\/wp\/v2\/pages\/1089\/revisions"}],"predecessor-version":[{"id":1099,"href":"https:\/\/lemomentreflexo.com\/index.php\/wp-json\/wp\/v2\/pages\/1089\/revisions\/1099"}],"wp:attachment":[{"href":"https:\/\/lemomentreflexo.com\/index.php\/wp-json\/wp\/v2\/media?parent=1089"}],"curies":[{"name":"wp","href":"https:\/\/api.w.org\/{rel}","templated":true}]}}